{"id":264,"date":"2020-09-17T17:38:53","date_gmt":"2020-09-17T20:38:53","guid":{"rendered":"http:\/\/marconivieira.com.br\/?page_id=264"},"modified":"2026-03-05T09:57:10","modified_gmt":"2026-03-05T12:57:10","slug":"categorias-de-livros","status":"publish","type":"page","link":"https:\/\/marconivieira.com.br\/index.php\/categorias-de-livros\/","title":{"rendered":"Categorias de Livros e Artigos"},"content":{"rendered":"\n<p>This page organizes the main themes explored in my writings.<br>From technology and artificial intelligence to leadership, faith and human purpose, each category gathers articles that explore these ideas in depth.<\/p>\n\n\n\n<p>Esta p\u00e1gina organiza os principais temas explorados em meus escritos.<br>De tecnologia e intelig\u00eancia artificial a lideran\u00e7a, f\u00e9 e prop\u00f3sito humano, cada categoria re\u00fane artigos que exploram essas ideias em profundidade.<\/p>\n\n\n\n<ul class=\"wp-block-list\">\n<li><a href=\"https:\/\/marconivieira.com.br\/index.php\/category\/portfolio\/\">Porf\u00f3lio de Projetos de IA | AI Projects Portfolio<\/a><\/li>\n\n\n\n<li><a href=\"https:\/\/marconivieira.com.br\/index.php\/category\/pesquisas_e_experimentos\">IA Projetos de Pesquisa em Andamento e Experimentos | AI Research and Experiments<\/a><\/li>\n\n\n\n<li><a href=\"https:\/\/marconivieira.com.br\/index.php\/category\/podcast_analise_imersiva\/\">Podcast e An\u00e1lise Imersiva<\/a><\/li>\n\n\n\n<li><a href=\"https:\/\/marconivieira.com.br\/index.php\/category\/biologia\/\">Biologia<\/a><\/li>\n\n\n\n<li><a href=\"http:\/\/marconivieira.com.br\/index.php\/category\/ciencia\/\">Ci\u00eancia<\/a><\/li>\n\n\n\n<li><a href=\"https:\/\/marconivieira.com.br\/index.php\/category\/cosmologia\/\">Cosmologia<\/a><\/li>\n\n\n\n<li><a href=\"https:\/\/marconivieira.com.br\/index.php\/category\/english\">English<\/a><\/li>\n\n\n\n<li><a href=\"https:\/\/marconivieira.com.br\/index.php\/category\/espanol\">Espa\u00f1ol<\/a><\/li>\n\n\n\n<li><a href=\"https:\/\/marconivieira.com.br\/index.php\/category\/fe_crista_dialogando_com_a_ciencia\/\">F\u00e9 Crist\u00e3 Dialogando com a Ci\u00eancia<\/a><\/li>\n\n\n\n<li><a href=\"https:\/\/marconivieira.com.br\/index.php\/category\/geologia\/\">Geologia<\/a><\/li>\n\n\n\n<li><a href=\"http:\/\/marconivieira.com.br\/index.php\/category\/gestao_projetos\/\">Gest\u00e3o de Projetos<\/a><\/li>\n\n\n\n<li><a href=\"https:\/\/marconivieira.com.br\/index.php\/category\/gestao_riscos\/\">Gest\u00e3o de Riscos<\/a><\/li>\n\n\n\n<li><a href=\"https:\/\/marconivieira.com.br\/index.php\/category\/inteligencia_artificial\/\">Intelig\u00eancia Artificial<\/a><\/li>\n\n\n\n<li><a href=\"https:\/\/marconivieira.com.br\/index.php\/category\/neurociencia\/\">Neuroci\u00eancia<\/a><\/li>\n\n\n\n<li><a href=\"https:\/\/marconivieira.com.br\/index.php\/category\/reflexoes\">Reflex\u00f5es | Reflections<\/a><\/li>\n\n\n\n<li><a href=\"http:\/\/marconivieira.com.br\/index.php\/category\/scrum_agil_devops\/\">Scrum, \u00c1gil e DevOps<\/a><\/li>\n\n\n\n<li><a href=\"https:\/\/marconivieira.com.br\/index.php\/category\/mentes-criativas\">S\u00e9rie Mentes CrIAtivas<\/a><\/li>\n<\/ul>\n","protected":false},"excerpt":{"rendered":"<p>This page organizes the main themes explored in my writings.From technology and artificial intelligence to leadership, faith and human purpose, each category gathers articles that explore these ideas in depth. Esta p\u00e1gina organiza os principais temas explorados em meus escritos.De tecnologia e intelig\u00eancia artificial a lideran\u00e7a, f\u00e9 e prop\u00f3sito humano, cada categoria re\u00fane artigos que [&hellip;]<\/p>\n","protected":false},"author":1,"featured_media":0,"parent":0,"menu_order":0,"comment_status":"closed","ping_status":"closed","template":"","meta":{"footnotes":""},"class_list":["post-264","page","type-page","status-publish","hentry"],"yoast_head":"<!-- This site is optimized with the Yoast SEO plugin v24.9 - https:\/\/yoast.com\/wordpress\/plugins\/seo\/ -->\n<title>Categorias de Livros e Artigos - Marconi Fabio Vieira, PMP<\/title>\n<meta name=\"robots\" content=\"index, follow, max-snippet:-1, max-image-preview:large, max-video-preview:-1\" \/>\n<link rel=\"canonical\" href=\"https:\/\/marconivieira.com.br\/index.php\/categorias-de-livros\/\" \/>\n<meta property=\"og:locale\" content=\"pt_BR\" \/>\n<meta property=\"og:type\" content=\"article\" \/>\n<meta property=\"og:title\" content=\"Categorias de Livros e Artigos - Marconi Fabio Vieira, PMP\" \/>\n<meta property=\"og:description\" content=\"This page organizes the main themes explored in my writings.From technology and artificial intelligence to leadership, faith and human purpose, each category gathers articles that explore these ideas in depth. Esta p\u00e1gina organiza os principais temas explorados em meus escritos.De tecnologia e intelig\u00eancia artificial a lideran\u00e7a, f\u00e9 e prop\u00f3sito humano, cada categoria re\u00fane artigos que [&hellip;]\" \/>\n<meta property=\"og:url\" content=\"https:\/\/marconivieira.com.br\/index.php\/categorias-de-livros\/\" \/>\n<meta property=\"og:site_name\" content=\"Marconi Fabio Vieira, PMP\" \/>\n<meta property=\"article:modified_time\" content=\"2026-03-05T12:57:10+00:00\" \/>\n<meta name=\"twitter:card\" content=\"summary_large_image\" \/>\n<meta name=\"twitter:label1\" content=\"Est. tempo de leitura\" \/>\n\t<meta name=\"twitter:data1\" content=\"1 minuto\" \/>\n<script type=\"application\/ld+json\" class=\"yoast-schema-graph\">{\"@context\":\"https:\/\/schema.org\",\"@graph\":[{\"@type\":\"WebPage\",\"@id\":\"https:\/\/marconivieira.com.br\/index.php\/categorias-de-livros\/\",\"url\":\"https:\/\/marconivieira.com.br\/index.php\/categorias-de-livros\/\",\"name\":\"Categorias de Livros e Artigos - Marconi Fabio Vieira, PMP\",\"isPartOf\":{\"@id\":\"https:\/\/marconivieira.com.br\/#website\"},\"datePublished\":\"2020-09-17T20:38:53+00:00\",\"dateModified\":\"2026-03-05T12:57:10+00:00\",\"breadcrumb\":{\"@id\":\"https:\/\/marconivieira.com.br\/index.php\/categorias-de-livros\/#breadcrumb\"},\"inLanguage\":\"pt-BR\",\"potentialAction\":[{\"@type\":\"ReadAction\",\"target\":[\"https:\/\/marconivieira.com.br\/index.php\/categorias-de-livros\/\"]}]},{\"@type\":\"BreadcrumbList\",\"@id\":\"https:\/\/marconivieira.com.br\/index.php\/categorias-de-livros\/#breadcrumb\",\"itemListElement\":[{\"@type\":\"ListItem\",\"position\":1,\"name\":\"In\u00edcio\",\"item\":\"https:\/\/marconivieira.com.br\/\"},{\"@type\":\"ListItem\",\"position\":2,\"name\":\"Categorias de Livros e Artigos\"}]},{\"@type\":\"WebSite\",\"@id\":\"https:\/\/marconivieira.com.br\/#website\",\"url\":\"https:\/\/marconivieira.com.br\/\",\"name\":\"Marconi Fabio Vieira, PMP\",\"description\":\"Livros e Artigos que Edificam\",\"potentialAction\":[{\"@type\":\"SearchAction\",\"target\":{\"@type\":\"EntryPoint\",\"urlTemplate\":\"https:\/\/marconivieira.com.br\/?s={search_term_string}\"},\"query-input\":{\"@type\":\"PropertyValueSpecification\",\"valueRequired\":true,\"valueName\":\"search_term_string\"}}],\"inLanguage\":\"pt-BR\"}]}<\/script>\n<!-- \/ Yoast SEO plugin. -->","yoast_head_json":{"title":"Categorias de Livros e Artigos - Marconi Fabio Vieira, PMP","robots":{"index":"index","follow":"follow","max-snippet":"max-snippet:-1","max-image-preview":"max-image-preview:large","max-video-preview":"max-video-preview:-1"},"canonical":"https:\/\/marconivieira.com.br\/index.php\/categorias-de-livros\/","og_locale":"pt_BR","og_type":"article","og_title":"Categorias de Livros e Artigos - Marconi Fabio Vieira, PMP","og_description":"This page organizes the main themes explored in my writings.From technology and artificial intelligence to leadership, faith and human purpose, each category gathers articles that explore these ideas in depth. Esta p\u00e1gina organiza os principais temas explorados em meus escritos.De tecnologia e intelig\u00eancia artificial a lideran\u00e7a, f\u00e9 e prop\u00f3sito humano, cada categoria re\u00fane artigos que [&hellip;]","og_url":"https:\/\/marconivieira.com.br\/index.php\/categorias-de-livros\/","og_site_name":"Marconi Fabio Vieira, PMP","article_modified_time":"2026-03-05T12:57:10+00:00","twitter_card":"summary_large_image","twitter_misc":{"Est. tempo de leitura":"1 minuto"},"schema":{"@context":"https:\/\/schema.org","@graph":[{"@type":"WebPage","@id":"https:\/\/marconivieira.com.br\/index.php\/categorias-de-livros\/","url":"https:\/\/marconivieira.com.br\/index.php\/categorias-de-livros\/","name":"Categorias de Livros e Artigos - Marconi Fabio Vieira, PMP","isPartOf":{"@id":"https:\/\/marconivieira.com.br\/#website"},"datePublished":"2020-09-17T20:38:53+00:00","dateModified":"2026-03-05T12:57:10+00:00","breadcrumb":{"@id":"https:\/\/marconivieira.com.br\/index.php\/categorias-de-livros\/#breadcrumb"},"inLanguage":"pt-BR","potentialAction":[{"@type":"ReadAction","target":["https:\/\/marconivieira.com.br\/index.php\/categorias-de-livros\/"]}]},{"@type":"BreadcrumbList","@id":"https:\/\/marconivieira.com.br\/index.php\/categorias-de-livros\/#breadcrumb","itemListElement":[{"@type":"ListItem","position":1,"name":"In\u00edcio","item":"https:\/\/marconivieira.com.br\/"},{"@type":"ListItem","position":2,"name":"Categorias de Livros e Artigos"}]},{"@type":"WebSite","@id":"https:\/\/marconivieira.com.br\/#website","url":"https:\/\/marconivieira.com.br\/","name":"Marconi Fabio Vieira, PMP","description":"Livros e Artigos que Edificam","potentialAction":[{"@type":"SearchAction","target":{"@type":"EntryPoint","urlTemplate":"https:\/\/marconivieira.com.br\/?s={search_term_string}"},"query-input":{"@type":"PropertyValueSpecification","valueRequired":true,"valueName":"search_term_string"}}],"inLanguage":"pt-BR"}]}},"_links":{"self":[{"href":"https:\/\/marconivieira.com.br\/index.php\/wp-json\/wp\/v2\/pages\/264","targetHints":{"allow":["GET"]}}],"collection":[{"href":"https:\/\/marconivieira.com.br\/index.php\/wp-json\/wp\/v2\/pages"}],"about":[{"href":"https:\/\/marconivieira.com.br\/index.php\/wp-json\/wp\/v2\/types\/page"}],"author":[{"embeddable":true,"href":"https:\/\/marconivieira.com.br\/index.php\/wp-json\/wp\/v2\/users\/1"}],"replies":[{"embeddable":true,"href":"https:\/\/marconivieira.com.br\/index.php\/wp-json\/wp\/v2\/comments?post=264"}],"version-history":[{"count":22,"href":"https:\/\/marconivieira.com.br\/index.php\/wp-json\/wp\/v2\/pages\/264\/revisions"}],"predecessor-version":[{"id":1024,"href":"https:\/\/marconivieira.com.br\/index.php\/wp-json\/wp\/v2\/pages\/264\/revisions\/1024"}],"wp:attachment":[{"href":"https:\/\/marconivieira.com.br\/index.php\/wp-json\/wp\/v2\/media?parent=264"}],"curies":[{"name":"wp","href":"https:\/\/api.w.org\/{rel}","templated":true}]}}